{"id":560,"date":"2015-07-29T13:44:44","date_gmt":"2015-07-29T13:44:44","guid":{"rendered":"https:\/\/sichu-blockart-eduskill.sites.qsandbox.com\/?page_id=4"},"modified":"2026-03-01T06:44:13","modified_gmt":"2026-03-01T05:44:13","slug":"home-2","status":"publish","type":"page","link":"https:\/\/carolosorio.com\/","title":{"rendered":"Home"},"content":{"rendered":"\r\n<div class=\"blockart-section blockart-section-63a6e058\">\r\n<div class=\"blockart-container\">\r\n<div class=\"blockart-section-inner blockart-height-fit-to-screen\">\r\n<div class=\"blockart-column blockart-column-76af7321\">\r\n<div class=\"blockart-column-inner\">\r\n<h1 class=\"blockart-heading blockart-heading-f6c8fdb6\"><span style=\"color: #000000;\">Metodolog\u00eda Ruta 21: <\/span><br \/><span style=\"color: #000000;\">El Camino hacia tu \u00c9xito<\/span><\/h1>\r\n<span style=\"color: #000000;\">\r\n\r\n<\/span>\r\n<p class=\"blockart-paragraph blockart-paragraph-8eebe75e\"><span style=\"color: #000000;\">Potencia tu liderazgo con la Dra. Carol Osorio. Una metodolog\u00eda probada para transformar tu vida y negocio, respaldada por CAINEM<br \/>C\u00e1mara Internacional de Emprendedores y por una comunidad presente en m\u00e1s de 30 pa\u00edses.<\/span><\/p>\r\n\r\n\r\n\r\n<div class=\"blockart-buttons blockart-buttons-ccef6f69 is-wrap is-horizontal justify-left-sm\">\r\n<div class=\"blockart-button blockart-button-c20db6f6 \"><a class=\"blockart-button-link is-custom is-style-filled\" href=\"https:\/\/www.amazon.com\/Idea-Realidad-Emprende-Direcci%C3%B3n-Programa-ebook\/dp\/B0FRZKB275\/ref=rvi_d_sccl_1\/146-2848486-7760205?pd_rd_w=V24v2&amp;content-id=amzn1.sym.f5690a4d-f2bb-45d9-9d1b-736fee412437&amp;pf_rd_p=f5690a4d-f2bb-45d9-9d1b-736fee412437&amp;pf_rd_r=FTQHZCZC9CCZ79E2WPZ0&amp;pd_rd_wg=z0NOZ&amp;pd_rd_r=37f64b3f-f9d5-4276-bb12-ef760790441f&amp;pd_rd_i=B0FRZKB275&amp;psc=1\">Adquiere mi Libro<\/a><\/div>\r\n<\/div>\r\n<\/div>\r\n<\/div>\r\n<\/div>\r\n<\/div>\r\n<\/div>\r\n\r\n\r\n\r\n<div class=\"blockart-section blockart-section-3eef9b97\">\r\n<div class=\"blockart-container\">\r\n<div class=\"blockart-section-inner\">\r\n<div class=\"blockart-column blockart-column-5be88959\">\r\n<div class=\"blockart-column-inner\">\r\n<figure class=\"blockart-image blockart-image-fba69e68\"><img loading=\"lazy\" decoding=\"async\" class=\"wp-image-107 hover-effect-static filter-none mask mask-none\" src=\"https:\/\/zakrademos.com\/eduskill\/wp-content\/uploads\/sites\/113\/2022\/01\/icon_book.png\" alt=\"\" width=\"150\" height=\"151\" \/><\/figure>\r\n\r\n\r\n\r\n<h3 class=\"blockart-heading blockart-heading-45a2f785\">Libro: De Idea a REALIDAD<\/h3>\r\n\r\n\r\n\r\n<p class=\"blockart-paragraph blockart-paragraph-49a8f218\">El mapa pr\u00e1ctico para transformar tu mentalidad y alcanzar tus metas.<\/p>\r\n<\/div>\r\n<\/div>\r\n\r\n\r\n\r\n<div class=\"blockart-column blockart-column-34558537\">\r\n<div class=\"blockart-column-inner\">\r\n<figure class=\"blockart-image blockart-image-6610a944\"><img loading=\"lazy\" decoding=\"async\" class=\"wp-image-128 hover-effect-static filter-none mask mask-none\" src=\"https:\/\/zakrademos.com\/eduskill\/wp-content\/uploads\/sites\/113\/2022\/01\/icon_expert.png\" alt=\"\" width=\"150\" height=\"151\" \/><\/figure>\r\n\r\n\r\n\r\n<h3 class=\"blockart-heading blockart-heading-b1d64656\">Formaci\u00f3n Profesional<\/h3>\r\n\r\n\r\n\r\n<p class=\"blockart-paragraph blockart-paragraph-9bbfd3ab\">Programa integral de negocios con respaldo profesional y humano.<\/p>\r\n<\/div>\r\n<\/div>\r\n\r\n\r\n\r\n<div class=\"blockart-column blockart-column-3fb235f5\">\r\n<div class=\"blockart-column-inner\">\r\n<figure class=\"blockart-image blockart-image-1767a263\"><img loading=\"lazy\" decoding=\"async\" class=\"wp-image-129 hover-effect-static filter-none mask mask-none\" src=\"https:\/\/zakrademos.com\/eduskill\/wp-content\/uploads\/sites\/113\/2022\/01\/icon_laptop.png\" alt=\"\" width=\"150\" height=\"151\" \/><\/figure>\r\n\r\n\r\n\r\n<h3 class=\"blockart-heading blockart-heading-8d662cb4\">Herramientas Tecnol\u00f3gicas<\/h3>\r\n\r\n\r\n\r\n<p class=\"blockart-paragraph blockart-paragraph-bcb7377d\">Validaci\u00f3n tecnol\u00f3gica global para posicionar y escalar tu negocio.<\/p>\r\n<\/div>\r\n<\/div>\r\n\r\n\r\n\r\n<div class=\"blockart-column blockart-column-3f0e0b52\">\r\n<div class=\"blockart-column-inner\">\r\n<figure class=\"blockart-image blockart-image-0a2137a8\"><img loading=\"lazy\" decoding=\"async\" class=\"wp-image-130 hover-effect-static filter-none mask mask-none\" src=\"https:\/\/zakrademos.com\/eduskill\/wp-content\/uploads\/sites\/113\/2022\/01\/icon_quiz.png\" alt=\"\" width=\"150\" height=\"151\" \/><\/figure>\r\n\r\n\r\n\r\n<h3 class=\"blockart-heading blockart-heading-82d4232a\">Liderazgo Internacional<\/h3>\r\n\r\n\r\n\r\n<p class=\"blockart-paragraph blockart-paragraph-b22b9089\">Respaldo y autoridad de CAINEM para potenciar tu marca al mundo.<\/p>\r\n<\/div>\r\n<\/div>\r\n<\/div>\r\n<\/div>\r\n<\/div>\r\n\r\n\r\n\r\n<div class=\"blockart-section blockart-section-7c0b2d5d\">\r\n<div class=\"blockart-container\">\r\n<div class=\"blockart-section-inner\">\r\n<div class=\"blockart-column blockart-column-1d182846\">\r\n<div class=\"blockart-column-inner\">\r\n<h2 class=\"blockart-heading blockart-heading-d454515e\">Adquiere los 11 Workbooks de RUTA 21<\/h2>\r\n\r\n\r\n\r\n\r\n\r\n<div class=\"blockart-buttons blockart-buttons-446e2625 is-wrap is-horizontal justify-center justify-center-sm\">\r\n<div class=\"blockart-button blockart-button-4edd27ed \"><a class=\"blockart-button-link is-custom is-style-filled\" href=\"https:\/\/pay.hotmart.com\/I102864476R?off=r58b8593\">Pon en pr\u00e1ctica la metodolog\u00eda<\/a><\/div>\r\n<\/div>\r\n<\/div>\r\n<\/div>\r\n<\/div>\r\n<\/div>\r\n<\/div>\r\n\r\n\r\n\r\n<div class=\"blockart-section blockart-section-91dae4ac\">\r\n<div class=\"blockart-container\">\r\n<div class=\"blockart-section-inner\">\r\n<div class=\"blockart-column blockart-column-4c9a3ac2\">\r\n<div class=\"blockart-column-inner\">\r\n<h2 class=\"blockart-heading blockart-heading-4cdeb2ad\">Tu Evoluci\u00f3n con mi Metodolog\u00eda<\/h2>\r\n\r\n\r\n\r\n<p class=\"blockart-paragraph blockart-paragraph-05226302\">Como Fundadora de CAINEM, he dise\u00f1ado un acompa\u00f1amiento donde la estrategia humana y la innovaci\u00f3n digital de GDC se unen para consolidar tu marca en el mercado actual.<\/p>\r\n\r\n\r\n\r\n<div class=\"blockart-section blockart-section-f7aea4bf\">\r\n<div class=\"blockart-container\">\r\n<div class=\"blockart-section-inner\">\r\n<div class=\"blockart-column blockart-column-3bd4147b\">\r\n<div class=\"blockart-column-inner\">\r\n<figure class=\"blockart-image blockart-image-eb87be22\"><img loading=\"lazy\" decoding=\"async\" class=\"wp-image-214 hover-effect-static filter-none mask mask-none\" src=\"https:\/\/zakrademos.com\/eduskill\/wp-content\/uploads\/sites\/113\/2022\/01\/icon_certificate.png\" alt=\"\" width=\"150\" height=\"151\" \/><\/figure>\r\n<\/div>\r\n<\/div>\r\n\r\n\r\n\r\n<div class=\"blockart-column blockart-column-75b76eed\">\r\n<div class=\"blockart-column-inner\">\r\n<h3 class=\"blockart-heading blockart-heading-6ff15925\">Reconocimiento Global<\/h3>\r\n\r\n\r\n\r\n<p class=\"blockart-paragraph blockart-paragraph-f0dcf302\">Obt\u00e9n el aval de CAINEM para proyectar una imagen de autoridad y liderazgo profesional ante tus clientes.<\/p>\r\n<\/div>\r\n<\/div>\r\n<\/div>\r\n<\/div>\r\n<\/div>\r\n\r\n\r\n\r\n<div class=\"blockart-section blockart-section-b88f20ab\">\r\n<div class=\"blockart-container\">\r\n<div class=\"blockart-section-inner\">\r\n<div class=\"blockart-column blockart-column-d62b2ae6\">\r\n<div class=\"blockart-column-inner\">\r\n<figure class=\"blockart-image blockart-image-5840e62b\"><img loading=\"lazy\" decoding=\"async\" class=\"wp-image-253 hover-effect-static filter-none mask mask-none\" src=\"https:\/\/zakrademos.com\/eduskill\/wp-content\/uploads\/sites\/113\/2022\/01\/icon_communicate.png\" alt=\"\" width=\"150\" height=\"151\" \/><\/figure>\r\n<\/div>\r\n<\/div>\r\n\r\n\r\n\r\n<div class=\"blockart-column blockart-column-acbc07dc\">\r\n<div class=\"blockart-column-inner\">\r\n<h3 class=\"blockart-heading blockart-heading-38b5466b\">Comunidad Exclusiva<\/h3>\r\n\r\n\r\n\r\n<p class=\"blockart-paragraph blockart-paragraph-837d22c6\">Accede a una red de contactos internacionales donde el intercambio de experiencias potencia tu crecimiento.<\/p>\r\n<\/div>\r\n<\/div>\r\n<\/div>\r\n<\/div>\r\n<\/div>\r\n\r\n\r\n\r\n<div class=\"blockart-section blockart-section-6f1617e4\">\r\n<div class=\"blockart-container\">\r\n<div class=\"blockart-section-inner\">\r\n<div class=\"blockart-column blockart-column-b3d24a29\">\r\n<div class=\"blockart-column-inner\">\r\n<figure class=\"blockart-image blockart-image-0615acdb\"><img loading=\"lazy\" decoding=\"async\" class=\"wp-image-252 hover-effect-static filter-none mask mask-none\" src=\"https:\/\/zakrademos.com\/eduskill\/wp-content\/uploads\/sites\/113\/2022\/01\/icon_assignment.png\" alt=\"\" width=\"150\" height=\"151\" \/><\/figure>\r\n<\/div>\r\n<\/div>\r\n\r\n\r\n\r\n<div class=\"blockart-column blockart-column-e1781de4\">\r\n<div class=\"blockart-column-inner\">\r\n<h3 class=\"blockart-heading blockart-heading-47cfea82\">Implementaci\u00f3n 360<\/h3>\r\n\r\n\r\n\r\n<p class=\"blockart-paragraph blockart-paragraph-ae5f0985\">Aplica herramientas tecnol\u00f3gicas avanzadas para que tu negocio sea visible, medible y altamente rentable.<\/p>\r\n<\/div>\r\n<\/div>\r\n<\/div>\r\n<\/div>\r\n<\/div>\r\n<\/div>\r\n<\/div>\r\n\r\n\r\n\r\n<div class=\"blockart-column blockart-column-b3b80346\">\r\n<div class=\"blockart-column-inner\">\r\n<figure class=\"blockart-image blockart-image-2875847c\"><img loading=\"lazy\" decoding=\"async\" class=\"wp-image-255 hover-effect-static filter-none mask mask-none\" src=\"https:\/\/zakrademos.com\/eduskill\/wp-content\/uploads\/sites\/113\/2022\/01\/benefits.jpg\" alt=\"\" width=\"712\" height=\"750\" \/><\/figure>\r\n<\/div>\r\n<\/div>\r\n<\/div>\r\n<\/div>\r\n<\/div>\r\n\r\n\r\n\r\n<div class=\"blockart-section blockart-section-39dc5124\">\r\n<div class=\"blockart-container\">\r\n<div class=\"blockart-section-inner\">\r\n<div class=\"blockart-column blockart-column-07154890\">\r\n<div class=\"blockart-column-inner\">\r\n<figure class=\"blockart-image blockart-image-b1e74f8a\"><img loading=\"lazy\" decoding=\"async\" class=\"wp-image-261 hover-effect-static filter-none mask mask-none\" src=\"https:\/\/zakrademos.com\/eduskill\/wp-content\/uploads\/sites\/113\/2022\/01\/engage-students.jpg\" alt=\"\" width=\"761\" height=\"801\" \/><\/figure>\r\n<\/div>\r\n<\/div>\r\n\r\n\r\n\r\n<div class=\"blockart-column blockart-column-7d0f8fe0\">\r\n<div class=\"blockart-column-inner\">\r\n<h2 class=\"blockart-heading blockart-heading-5b69eb86\">Transforma tu Visi\u00f3n en una Realidad Rentable<\/h2>\r\n\r\n\r\n\r\n<p class=\"blockart-paragraph blockart-paragraph-440d2cd4\">El \u00e9xito no es una casualidad, es el resultado de seguir una ruta clara. A trav\u00e9s de mi metodolog\u00eda <b data-path-to-node=\"4,1,1,0\" data-index-in-node=\"100\">Ruta 21<\/b>, te proporciono la estructura estrat\u00e9gica que necesitas para pasar de la idea a la acci\u00f3n, consolidando tu liderazgo en cada paso del proceso.<\/p>\r\n\r\n\r\n\r\n<p class=\"blockart-paragraph blockart-paragraph-ce12d84f\">Mi compromiso es entregarte las herramientas para que seas el due\u00f1o de tu propio crecimiento. Al integrar mi experiencia como Ph.D. y los principios de mi libro, logramos que tu proyecto tenga el impacto y la solidez que el mercado profesional exige hoy.<\/p>\r\n\r\n\r\n\r\n<div class=\"blockart-buttons blockart-buttons-104fc4c0 is-wrap is-horizontal justify-left justify-center-sm\">\r\n<div class=\"blockart-button blockart-button-ba5ea4d5 \"><a class=\"blockart-button-link is-custom is-style-filled\" href=\"https:\/\/www.amazon.com\/Idea-Realidad-Emprende-Direcci%C3%B3n-Programa-ebook\/dp\/B0FRZKB275\/ref=tmm_kin_swatch_0\">Iniciar mi Transformaci\u00f3n<\/a><\/div>\r\n<\/div>\r\n<\/div>\r\n<\/div>\r\n<\/div>\r\n<\/div>\r\n<\/div>\r\n\r\n\r\n\r\n<div class=\"blockart-section blockart-section-224b3b9a\">\r\n<div class=\"blockart-container\">\r\n<div class=\"blockart-section-inner\">\r\n<div class=\"blockart-column blockart-column-34ad6b8c\">\r\n<div class=\"blockart-column-inner\">\r\n<h2 class=\"blockart-heading blockart-heading-9acf5534\">Estrategias Reales para un Liderazgo con Sentido<\/h2>\r\n\r\n\r\n\r\n<p class=\"blockart-paragraph blockart-paragraph-0365a347\">He dise\u00f1ado esta metodolog\u00eda para quienes est\u00e1n cansados de la teor\u00eda vac\u00eda. Aqu\u00ed encontrar\u00e1s un sistema paso a paso que combina la claridad estrat\u00e9gica con la acci\u00f3n, permiti\u00e9ndote tomar el control de tu proyecto desde el primer d\u00eda.<\/p>\r\n\r\n\r\n\r\n<p class=\"blockart-paragraph blockart-paragraph-f046f6ae\"><b data-path-to-node=\"3,2,1,0\" data-index-in-node=\"0\">Ruta 21<\/b> es el resultado de a\u00f1os de observaci\u00f3n y resultados comprobados. No es solo un libro; es la herramienta que te permitir\u00e1 leer tu propia realidad con otros ojos y construir el \u00e9xito bajo tus propios t\u00e9rminos. Ahora que ya tienes el libro, adquiere los 11 Workbooks para encontrar los Test de Diagn\u00f3stico, ejemplos y casos que te ayudar\u00e1n a entender el camino correcto.<\/p>\r\n\r\n\r\n\r\n<div class=\"blockart-buttons blockart-buttons-cc8114b0 is-wrap is-horizontal justify-left justify-center-sm\">\r\n<div class=\"blockart-button blockart-button-65988c8b \"><a class=\"blockart-button-link is-custom is-style-filled\" href=\"https:\/\/pay.hotmart.com\/I102864476R?off=r58b8593\">Quiero adquirir mis libros de trabajo<\/a><\/div>\r\n<\/div>\r\n<\/div>\r\n<\/div>\r\n\r\n\r\n\r\n<div class=\"blockart-column blockart-column-ea0212e9\">\r\n<div class=\"blockart-column-inner\">\r\n<figure class=\"blockart-image blockart-image-695a003c\"><img loading=\"lazy\" decoding=\"async\" class=\"wp-image-286 hover-effect-static filter-none mask mask-none\" src=\"https:\/\/zakrademos.com\/eduskill\/wp-content\/uploads\/sites\/113\/2022\/01\/learn-anything.jpg\" alt=\"\" width=\"761\" height=\"801\" \/><\/figure>\r\n<\/div>\r\n<\/div>\r\n<\/div>\r\n<\/div>\r\n<\/div>\r\n\r\n\r\n\r\n<div class=\"blockart-section blockart-section-9b1b5847\">\r\n<div class=\"blockart-container\">\r\n<div class=\"blockart-section-inner\">\r\n<div class=\"blockart-column blockart-column-2e6c3222\">\r\n<div class=\"blockart-column-inner\">\r\n<h2 class=\"blockart-heading blockart-heading-21e9a37f\">Los 11 Niveles de Transformaci\u00f3n<\/h2>\r\n\r\n\r\n\r\n\r\n\r\n<div class=\"blockart-buttons blockart-buttons-f99abd32 is-wrap is-horizontal justify-center justify-center-sm\">\r\n<div class=\"blockart-button blockart-button-a5966450 \"><a class=\"blockart-button-link is-custom is-style-filled\" href=\"https:\/\/carolosorio.com\/index.php\/blog-2\/\">Explora nuestro Blog<\/a><\/div>\r\n<\/div>\r\n<\/div>\r\n\r\n<div class=\"blockart-container\">\r\n<div class=\"blockart-section blockart-section-e621a036\">\r\n<div class=\"blockart-section-inner\">\r\n<div class=\"blockart-spacing-inner\">\r\n<div style=\"width: 812px;\" class=\"wp-video\"><video class=\"wp-video-shortcode\" id=\"video-560-1\" width=\"812\" height=\"457\" preload=\"metadata\" controls=\"controls\"><source type=\"video\/mp4\" src=\"https:\/\/carolosorio.com\/wp-content\/uploads\/2026\/03\/SD360_es.mp4?_=1\" \/><a href=\"https:\/\/carolosorio.com\/wp-content\/uploads\/2026\/03\/SD360_es.mp4\">https:\/\/carolosorio.com\/wp-content\/uploads\/2026\/03\/SD360_es.mp4<\/a><\/video><\/div>\r\n<\/div>\r\n<\/div>\r\n<\/div>\r\n<\/div>\r\n\r\n\r\n\r\n<div class=\"blockart-section blockart-section-58c656f7\">\r\n<div class=\"blockart-container\">\r\n<div class=\"blockart-section-inner\">\r\n<div class=\"blockart-column blockart-column-3123986b\">\r\n<div class=\"blockart-column-inner\">\r\n<figure class=\"blockart-image blockart-image-f9084ffc\"><img loading=\"lazy\" decoding=\"async\" class=\"wp-image-324 hover-effect-static filter-none mask mask-none\" src=\"https:\/\/zakrademos.com\/eduskill\/wp-content\/uploads\/sites\/113\/2022\/01\/icon_learners.png\" alt=\"\" width=\"151\" height=\"150\" \/><\/figure>\r\n\r\n\r\n\r\n<h3 class=\"blockart-heading blockart-heading-a7af2930\">16 870+<\/h3>\r\n\r\n\r\n\r\n<p class=\"blockart-paragraph blockart-paragraph-3b135ca0\">Alumnos por el mundo<\/p>\r\n<\/div>\r\n<\/div>\r\n\r\n\r\n\r\n<div class=\"blockart-column blockart-column-5802117a\">\r\n<div class=\"blockart-column-inner\">\r\n<figure class=\"blockart-image blockart-image-26322e08\"><img loading=\"lazy\" decoding=\"async\" class=\"wp-image-323 hover-effect-static filter-none mask mask-none\" src=\"https:\/\/zakrademos.com\/eduskill\/wp-content\/uploads\/sites\/113\/2022\/01\/icon_courses.png\" alt=\"\" width=\"151\" height=\"151\" \/><\/figure>\r\n\r\n\r\n\r\n<h3 class=\"blockart-heading blockart-heading-19b7a51a\">11<\/h3>\r\n\r\n\r\n\r\n<p class=\"blockart-paragraph blockart-paragraph-9672ed25\">Niveles de Estudio y Pr\u00e1ctica<\/p>\r\n<\/div>\r\n<\/div>\r\n\r\n\r\n\r\n<div class=\"blockart-column blockart-column-0dba3130\">\r\n<div class=\"blockart-column-inner\">\r\n<figure class=\"blockart-image blockart-image-2bce7ce8\"><img loading=\"lazy\" decoding=\"async\" class=\"wp-image-322 hover-effect-static filter-none mask mask-none\" src=\"https:\/\/zakrademos.com\/eduskill\/wp-content\/uploads\/sites\/113\/2022\/01\/icon_countries.png\" alt=\"\" width=\"151\" height=\"151\" \/><\/figure>\r\n\r\n\r\n\r\n<h3 class=\"blockart-heading blockart-heading-3f45cf25\">30+<\/h3>\r\n\r\n\r\n\r\n<p class=\"blockart-paragraph blockart-paragraph-a3118387\">Presencia Global de la Metodolog\u00eda<\/p>\r\n<\/div>\r\n<\/div>\r\n\r\n\r\n\r\n<div class=\"blockart-column blockart-column-6fc208b7\">\r\n<div class=\"blockart-column-inner\">\r\n<figure class=\"blockart-image blockart-image-6571835b\"><img loading=\"lazy\" decoding=\"async\" class=\"wp-image-321 hover-effect-static filter-none mask mask-none\" src=\"https:\/\/zakrademos.com\/eduskill\/wp-content\/uploads\/sites\/113\/2022\/01\/icon_award.png\" alt=\"\" width=\"151\" height=\"151\" \/><\/figure>\r\n\r\n\r\n\r\n<h3 class=\"blockart-heading blockart-heading-fa14dabe\">28<\/h3>\r\n\r\n\r\n\r\n<p class=\"blockart-paragraph blockart-paragraph-1a85acc4\">Premios y Galardones\u00a0<\/p>\r\n<\/div>\r\n<\/div>\r\n<\/div>\r\n<\/div>\r\n<\/div>\r\n\r\n\r\n\r\n<div class=\"blockart-section blockart-section-e2ebd4db\">\r\n<div class=\"blockart-container\">\r\n<div class=\"blockart-section-inner\">\r\n<div class=\"blockart-column blockart-column-dcb1a80e\">\r\n<div class=\"blockart-column-inner\">\r\n<h2 class=\"blockart-heading blockart-heading-70fcc6f3\">Student\u2019s Feedback<\/h2>\r\n\r\n\r\n\r\n<div class=\"blockart-section blockart-section-9afdbf74\">\r\n<div class=\"blockart-container\">\r\n<div class=\"blockart-section-inner\">\r\n<div class=\"blockart-column blockart-column-78f3e7bf\">\r\n<div class=\"blockart-column-inner\">\r\n<figure class=\"blockart-image blockart-image-e2d3708a\"><img loading=\"lazy\" decoding=\"async\" class=\"wp-image-344 hover-effect-static filter-none mask mask-none\" src=\"https:\/\/zakrademos.com\/eduskill\/wp-content\/uploads\/sites\/113\/2022\/01\/icon_quotes.png\" alt=\"\" width=\"134\" height=\"134\" \/><\/figure>\r\n\r\n\r\n\r\n<p class=\"blockart-paragraph blockart-paragraph-7caf4f33\"><em>Curabitur arcu erat, accumsan id imperdiet et, porttitor at sem. Tesque in ipsum id orci porta dapibus. Nulla quissad lorem ut libero malesuada feugiat. Cras ultricies ligulasda sed magna dictum porta.<\/em><\/p>\r\n\r\n\r\n\r\n<figure class=\"blockart-image blockart-image-341ffe3e\"><img loading=\"lazy\" decoding=\"async\" class=\"wp-image-345 hover-effect-static filter-none mask mask-none\" src=\"https:\/\/zakrademos.com\/eduskill\/wp-content\/uploads\/sites\/113\/2022\/01\/testimonial_1.jpg\" alt=\"\" width=\"451\" height=\"451\" \/><\/figure>\r\n\r\n\r\n\r\n<h3 class=\"blockart-heading blockart-heading-e8907ea6\">Noah Johnson<\/h3>\r\n\r\n\r\n\r\n<p class=\"blockart-paragraph blockart-paragraph-249710fd\">Software Developer<\/p>\r\n<\/div>\r\n<\/div>\r\n\r\n\r\n\r\n<div class=\"blockart-column blockart-column-f88a54da\">\r\n<div class=\"blockart-column-inner\">\r\n<figure class=\"blockart-image blockart-image-71268b04\"><img loading=\"lazy\" decoding=\"async\" class=\"wp-image-344 hover-effect-static filter-none mask mask-none\" src=\"https:\/\/zakrademos.com\/eduskill\/wp-content\/uploads\/sites\/113\/2022\/01\/icon_quotes.png\" alt=\"\" width=\"134\" height=\"134\" \/><\/figure>\r\n\r\n\r\n\r\n<p class=\"blockart-paragraph blockart-paragraph-1580b20c\"><em>Aurabitur arcu erat, accumsan id imperdiet et, porttitor at sem. Tesque in ipsum id orci porta dapibus. Nulla quissad lorem ut libero malesuada feugiat. Cras ultricies ligulasda sed magna dictum porta.<\/em><\/p>\r\n\r\n\r\n\r\n<figure class=\"blockart-image blockart-image-4fa32bbb\"><img loading=\"lazy\" decoding=\"async\" class=\"wp-image-364 hover-effect-static filter-none mask mask-none\" src=\"https:\/\/zakrademos.com\/eduskill\/wp-content\/uploads\/sites\/113\/2022\/01\/testimonial_2.jpg\" alt=\"\" width=\"451\" height=\"451\" \/><\/figure>\r\n\r\n\r\n\r\n<h3 class=\"blockart-heading blockart-heading-c2c25935\">Sarah Wilson<\/h3>\r\n\r\n\r\n\r\n<p class=\"blockart-paragraph blockart-paragraph-efbf51f0\">Financial Analyst<\/p>\r\n<\/div>\r\n<\/div>\r\n<\/div>\r\n<\/div>\r\n<\/div>\r\n<\/div>\r\n<\/div>\r\n<\/div>\r\n<\/div>\r\n<\/div>\r\n\r\n\r\n\r\n<div class=\"blockart-section blockart-section-4532ab80 is-stretch-section\" style=\"width: 100vw !important; position: relative; left: 50%; right: 50%; margin-left: -50vw !important; margin-right: -50vw !important;\">\r\n<div class=\"blockart-container\">\r\n<div class=\"blockart-section-inner\">\r\n<div class=\"blockart-column blockart-column-75b79e74\">\r\n<div class=\"blockart-column-inner\">\r\n<h2 class=\"blockart-heading blockart-heading-5626e9c6\">Start Learning Today!!<\/h2>\r\n\r\n\r\n\r\n<p class=\"blockart-paragraph blockart-paragraph-ad06b8b0\">Curabitur arcu erat, accumsan id imperdiet et, porttitor at sem. Tesque in ipsum id orci porta dapibus. Nulla quis lorem porta accumsan id imperdi.<\/p>\r\n\r\n\r\n\r\n<div class=\"blockart-buttons blockart-buttons-2ba6edd9 is-wrap is-horizontal justify-left justify-center-sm\">\r\n<div class=\"blockart-button blockart-button-c28c6ad3 \"><a class=\"blockart-button-link is-custom is-style-filled\" href=\"#\">Get Started<\/a><\/div>\r\n<\/div>\r\n<\/div>\r\n<\/div>\r\n\r\n\r\n\r\n<div class=\"blockart-column blockart-column-7d5a752a\">\r\n<div class=\"blockart-column-inner\">\u00a0<\/div>\r\n<\/div>\r\n<\/div>\r\n<\/div>\r\n<\/div>\r\n\r\n\r\n\r\n<div class=\"blockart-section blockart-section-78cbc6d8\">\r\n<div class=\"blockart-container\">\r\n<div class=\"blockart-section-inner\">\r\n<div class=\"blockart-column blockart-column-8add0736\">\r\n<div class=\"blockart-column-inner\">\r\n<h2 class=\"blockart-heading blockart-heading-0ef21bcf\">Trusted By The Renowned Company<\/h2>\r\n\r\n\r\n\r\n<div class=\"blockart-section blockart-section-12ee15ed\">\r\n<div class=\"blockart-container\">\r\n<div class=\"blockart-section-inner\">\r\n<div class=\"blockart-column blockart-column-cedaa13d\">\r\n<div class=\"blockart-column-inner\">\r\n<figure class=\"blockart-image blockart-image-2a675d35\"><img loading=\"lazy\" decoding=\"async\" class=\"wp-image-542 hover-effect-static filter-none mask mask-none\" src=\"https:\/\/zakrademos.com\/eduskill\/wp-content\/uploads\/sites\/113\/2022\/02\/logo_company1.png\" alt=\"\" width=\"201\" height=\"59\" \/><\/figure>\r\n<\/div>\r\n<\/div>\r\n\r\n\r\n\r\n<div class=\"blockart-column blockart-column-f683cb01\">\r\n<div class=\"blockart-column-inner\">\r\n<figure class=\"blockart-image blockart-image-326748fb\"><img loading=\"lazy\" decoding=\"async\" class=\"wp-image-543 hover-effect-static filter-none mask mask-none\" src=\"https:\/\/zakrademos.com\/eduskill\/wp-content\/uploads\/sites\/113\/2022\/02\/logo_company2.png\" alt=\"\" width=\"227\" height=\"62\" \/><\/figure>\r\n<\/div>\r\n<\/div>\r\n\r\n\r\n\r\n<div class=\"blockart-column blockart-column-fcc383d6\">\r\n<div class=\"blockart-column-inner\">\r\n<figure class=\"blockart-image blockart-image-5b5280e0\"><img loading=\"lazy\" decoding=\"async\" class=\"wp-image-544 hover-effect-static filter-none mask mask-none\" src=\"https:\/\/zakrademos.com\/eduskill\/wp-content\/uploads\/sites\/113\/2022\/02\/logo_company3.png\" alt=\"\" width=\"202\" height=\"73\" \/><\/figure>\r\n<\/div>\r\n<\/div>\r\n\r\n\r\n\r\n<div class=\"blockart-column blockart-column-3fc5ff22\">\r\n<div class=\"blockart-column-inner\">\r\n<figure class=\"blockart-image blockart-image-438c3bc2\"><img loading=\"lazy\" decoding=\"async\" class=\"wp-image-545 hover-effect-static filter-none mask mask-none\" src=\"https:\/\/zakrademos.com\/eduskill\/wp-content\/uploads\/sites\/113\/2022\/02\/logo_company4.png\" alt=\"\" width=\"229\" height=\"62\" \/><\/figure>\r\n<\/div>\r\n<\/div>\r\n<\/div>\r\n<\/div>\r\n<\/div>\r\n<\/div>\r\n<\/div>\r\n<\/div>\r\n<\/div>\r\n<\/div>\r\n<\/div>\r\n<\/div>\r\n<\/div>\r\n<\/div>\r\n<div id=\"gtx-trans\" style=\"position: absolute; left: 311px; top: 5320.08px;\">\r\n<div class=\"gtx-trans-icon\">\u00a0<\/div>\r\n<\/div>","protected":false},"excerpt":{"rendered":"","protected":false},"author":1,"featured_media":0,"parent":0,"menu_order":0,"comment_status":"open","ping_status":"open","template":"page-templates\/pagebuilder.php","meta":{"footnotes":""},"class_list":["post-560","page","type-page","status-publish","hentry"],"magazineBlocksPostFeaturedMedia":{"thumbnail":false,"medium":false,"medium_large":false,"large":false,"1536x1536":false,"2048x2048":false},"magazineBlocksPostAuthor":{"name":"CarolOsorioAdmin","avatar":"https:\/\/secure.gravatar.com\/avatar\/06785b158ad4bb35172eed9a2db83758c9c49d0a0f7b09a761b5a3ce3aa65e62?s=96&d=mm&r=g"},"magazineBlocksPostCommentsNumber":"0","magazineBlocksPostExcerpt":"","magazineBlocksPostCategories":[],"magazineBlocksPostViewCount":0,"magazineBlocksPostReadTime":3,"_links":{"self":[{"href":"https:\/\/carolosorio.com\/index.php\/wp-json\/wp\/v2\/pages\/560","targetHints":{"allow":["GET"]}}],"collection":[{"href":"https:\/\/carolosorio.com\/index.php\/wp-json\/wp\/v2\/pages"}],"about":[{"href":"https:\/\/carolosorio.com\/index.php\/wp-json\/wp\/v2\/types\/page"}],"author":[{"embeddable":true,"href":"https:\/\/carolosorio.com\/index.php\/wp-json\/wp\/v2\/users\/1"}],"replies":[{"embeddable":true,"href":"https:\/\/carolosorio.com\/index.php\/wp-json\/wp\/v2\/comments?post=560"}],"version-history":[{"count":95,"href":"https:\/\/carolosorio.com\/index.php\/wp-json\/wp\/v2\/pages\/560\/revisions"}],"predecessor-version":[{"id":749,"href":"https:\/\/carolosorio.com\/index.php\/wp-json\/wp\/v2\/pages\/560\/revisions\/749"}],"wp:attachment":[{"href":"https:\/\/carolosorio.com\/index.php\/wp-json\/wp\/v2\/media?parent=560"}],"curies":[{"name":"wp","href":"https:\/\/api.w.org\/{rel}","templated":true}]}}